{"id":295,"date":"2021-10-06T12:24:27","date_gmt":"2021-10-06T12:24:27","guid":{"rendered":"http:\/\/agnesa.org\/?page_id=295"},"modified":"2022-02-25T16:57:27","modified_gmt":"2022-02-25T16:57:27","slug":"je-travaille-pour-et-avec","status":"publish","type":"page","link":"http:\/\/agnesa.org\/index.php\/je-travaille-pour-et-avec\/","title":{"rendered":"Je travaille pour et avec&#8230;"},"content":{"rendered":"\n<p>Actuellement, je suis pigiste pour :<\/p>\n\n\n\n<ul><li><a rel=\"noreferrer noopener\" href=\"https:\/\/www.afmoncton.ca\/en\/our-team\/#\/\" target=\"_blank\">L\u2019Alliance Fran\u00e7aise de Moncton<\/a> (enseignement)<\/li><li><a rel=\"noreferrer noopener\" href=\"https:\/\/scriptis.com\/fr\/\" target=\"_blank\">Scriptis<\/a> (post\u00e9dition)<\/li><li><a rel=\"noreferrer noopener\" href=\"https:\/\/www.confluence-communication.ca\/\" target=\"_blank\">Confluence Communication<\/a> (traduction et r\u00e9vision)<\/li><li><a rel=\"noreferrer noopener\" href=\"https:\/\/traductionshermes.com\/\" target=\"_blank\">Traductions Herm\u00e8s<\/a> (traduction)<\/li><li><a rel=\"noreferrer noopener\" href=\"https:\/\/www2.uottawa.ca\/notre-universite\/services-linguistiques\" data-type=\"URL\" data-id=\"https:\/\/www2.uottawa.ca\/notre-universite\/services-linguistiques\" target=\"_blank\">L&#8217;Universit\u00e9 d&#8217;Ottawa<\/a> (traduction)<\/li><li><a rel=\"noreferrer noopener\" href=\"https:\/\/www.cpacanada.ca\/fr\" data-type=\"URL\" data-id=\"https:\/\/www.cpacanada.ca\/fr\" target=\"_blank\">CPA Canada<\/a> (traduction)<\/li><\/ul>\n\n\n\n<p>Je traduis, r\u00e9vise et \u00e9cris \u00e9galement pour :<\/p>\n\n\n\n<ul><li><a rel=\"noreferrer noopener\" href=\"https:\/\/www.cqde.org\/fr\/\" data-type=\"URL\" data-id=\"https:\/\/www.cqde.org\/fr\/\" target=\"_blank\">Le CQDE<\/a><\/li><li><a rel=\"noreferrer noopener\" href=\"https:\/\/www.reviseurs.ca\/\" data-type=\"URL\" data-id=\"https:\/\/www.reviseurs.ca\/\" target=\"_blank\">R\u00e9viseurs Canada<\/a><\/li><li><a href=\"http:\/\/www.nosenchanteurs.eu\/index.php\/category\/lequipe\/agnes-andre\/\" data-type=\"URL\" data-id=\"http:\/\/www.nosenchanteurs.eu\/index.php\/category\/lequipe\/agnes-andre\/\" target=\"_blank\" rel=\"noreferrer noopener\">Nos Enchanteurs<\/a><\/li><\/ul>\n\n\n\n<p>Vous pouvez enfin me retrouver sur le r\u00e9pertoire de :<\/p>\n\n\n\n<ul><li><a href=\"https:\/\/ottiaq.org\/fiche-de-membre\/30968\/\" target=\"_blank\" rel=\"noreferrer noopener\">L\u2019OTTIAQ<\/a><\/li><li><a href=\"https:\/\/www.atlf.org\/repertoire-des-traducteurs\/andrea\/\" target=\"_blank\" rel=\"noreferrer noopener\">L\u2019ATLF<\/a><\/li><\/ul>\n\n\n\n<p>Pour en savoir plus, visitez les onglets : <a rel=\"noreferrer noopener\" href=\"http:\/\/agnesa.org\/index.php\/traduction\/\" data-type=\"URL\" data-id=\"http:\/\/agnesa.org\/index.php\/traduction\/\" target=\"_blank\">TRADUCTION<\/a>, <a rel=\"noreferrer noopener\" href=\"http:\/\/agnesa.org\/index.php\/revision-linguistique-2\/\" data-type=\"URL\" data-id=\"http:\/\/agnesa.org\/index.php\/revision-linguistique-2\/\" target=\"_blank\">R\u00c9VISION<\/a> et <a rel=\"noreferrer noopener\" href=\"http:\/\/agnesa.org\/index.php\/formation-fls-fle\/\" data-type=\"URL\" data-id=\"http:\/\/agnesa.org\/index.php\/formation-fls-fle\/\" target=\"_blank\">FORMATION<\/a>.<\/p>\n","protected":false},"excerpt":{"rendered":"<p>Actuellement, je suis pigiste pour : L\u2019Alliance Fran\u00e7aise de Moncton (enseignement) Scriptis (post\u00e9dition) Confluence Communication (traduction et r\u00e9vision) Traductions Herm\u00e8s (traduction) L&#8217;Universit\u00e9 d&#8217;Ottawa (traduction) CPA Canada (traduction) Je traduis, r\u00e9vise et \u00e9cris \u00e9galement pour : Le CQDE R\u00e9viseurs Canada Nos Enchanteurs Vous pouvez enfin me retrouver sur le r\u00e9pertoire de : L\u2019OTTIAQ L\u2019ATLF Pour en&hellip; <a class=\"more-link\" href=\"http:\/\/agnesa.org\/index.php\/je-travaille-pour-et-avec\/\">Continue reading <span class=\"screen-reader-text\">Je travaille pour et avec&#8230;<\/span><\/a><\/p>\n","protected":false},"author":1,"featured_media":0,"parent":0,"menu_order":0,"comment_status":"closed","ping_status":"closed","template":"","meta":{"footnotes":""},"_links":{"self":[{"href":"http:\/\/agnesa.org\/index.php\/wp-json\/wp\/v2\/pages\/295"}],"collection":[{"href":"http:\/\/agnesa.org\/index.php\/wp-json\/wp\/v2\/pages"}],"about":[{"href":"http:\/\/agnesa.org\/index.php\/wp-json\/wp\/v2\/types\/page"}],"author":[{"embeddable":true,"href":"http:\/\/agnesa.org\/index.php\/wp-json\/wp\/v2\/users\/1"}],"replies":[{"embeddable":true,"href":"http:\/\/agnesa.org\/index.php\/wp-json\/wp\/v2\/comments?post=295"}],"version-history":[{"count":6,"href":"http:\/\/agnesa.org\/index.php\/wp-json\/wp\/v2\/pages\/295\/revisions"}],"predecessor-version":[{"id":622,"href":"http:\/\/agnesa.org\/index.php\/wp-json\/wp\/v2\/pages\/295\/revisions\/622"}],"wp:attachment":[{"href":"http:\/\/agnesa.org\/index.php\/wp-json\/wp\/v2\/media?parent=295"}],"curies":[{"name":"wp","href":"https:\/\/api.w.org\/{rel}","templated":true}]}}