{"id":144,"date":"2021-02-01T12:43:53","date_gmt":"2021-02-01T12:43:53","guid":{"rendered":"http:\/\/agnesa.org\/?page_id=144"},"modified":"2021-10-30T19:25:58","modified_gmt":"2021-10-30T19:25:58","slug":"formation-fls-fle","status":"publish","type":"page","link":"http:\/\/agnesa.org\/index.php\/formation-fls-fle\/","title":{"rendered":"FORMATION"},"content":{"rendered":"\n<p>Enseignante en fran\u00e7ais langue seconde depuis 2013, j&#8217;ai un peu touch\u00e9 \u00e0 tout : enseignement dans le public au niveau primaire, secondaire et universitaire, et en \u00e9cole priv\u00e9e; de grands d\u00e9butants \u00e0 des apprenants presque bilingues; de cours de fran\u00e7ais sur objectif sp\u00e9cifique (emploi, examen) \u00e0 des ateliers de conversation ou d&#8217;\u00e9criture. <\/p>\n\n\n\n<p>Aujourd&#8217;hui, je sais parfaitement quelles sont mes forces, mes envies et mes coups de coeur : on ne peut en effet bien enseigner une langue sans avoir du PLAISIR!<\/p>\n\n\n\n<p><\/p>\n\n\n\n<p><\/p>\n\n\n\n<p><\/p>\n\n\n\n<figure class=\"wp-block-table\"><table><tbody><tr><td><strong>Je fais<\/strong><\/td><td><strong>Je ne fais pas<\/strong><\/td><\/tr><tr><td><br>&#8211; des cours \u00e0 partir du niveau A1.2 jusqu&#8217;au niveau C2 (interm\u00e9diaire \u00e0 avanc\u00e9)<br><br>&#8211; des cours particuliers ou en petits groupes (8 max.) <br><br>&#8211; la pr\u00e9paration \u00e0 des examens  : <br>  <a rel=\"noreferrer noopener\" href=\"https:\/\/www.france-education-international.fr\/delf-dalf\" data-type=\"URL\" data-id=\"https:\/\/www.france-education-international.fr\/delf-dalf\" target=\"_blank\"> DELF<\/a> et  <a rel=\"noreferrer noopener\" href=\"https:\/\/www.france-education-international.fr\/delf-dalf\" data-type=\"URL\" data-id=\"https:\/\/www.france-education-international.fr\/delf-dalf\" target=\"_blank\">DALF<\/a>, <br> <a rel=\"noreferrer noopener\" href=\"https:\/\/www.france-education-international.fr\/tcf\" data-type=\"URL\" data-id=\"https:\/\/www.france-education-international.fr\/tcf\" target=\"_blank\">  TCF<\/a>, <a rel=\"noreferrer noopener\" href=\"https:\/\/www.lefrancaisdesaffaires.fr\/tests-diplomes\/test-evaluation-francais-tef\/\" data-type=\"URL\" data-id=\"https:\/\/www.lefrancaisdesaffaires.fr\/tests-diplomes\/test-evaluation-francais-tef\/\" target=\"_blank\">TEF<\/a> et <a rel=\"noreferrer noopener\" href=\"https:\/\/www.lefrancaisdesaffaires.fr\/tests-diplomes\/test-evaluation-francais-tef\/tef-quebec-tefaq\/#:~:text=Dans%20le%20cadre%20des%20proc%C3%A9dures,le%20TEF%20Qu%C3%A9bec%20(TEFAQ).\" data-type=\"URL\" data-id=\"https:\/\/www.lefrancaisdesaffaires.fr\/tests-diplomes\/test-evaluation-francais-tef\/tef-quebec-tefaq\/#:~:text=Dans%20le%20cadre%20des%20proc%C3%A9dures,le%20TEF%20Qu%C3%A9bec%20(TEFAQ).\" target=\"_blank\">TEFAQ<\/a><br>  <a rel=\"noreferrer noopener\" href=\"https:\/\/www.canada.ca\/fr\/commission-fonction-publique\/services\/evaluation-langue-seconde.html\" data-type=\"URL\" data-id=\"https:\/\/www.canada.ca\/fr\/commission-fonction-publique\/services\/evaluation-langue-seconde.html\" target=\"_blank\"> examen de la fonction publique canadienne<\/a><br><br>&#8211; des cours contextualis\u00e9s pour le Qu\u00e9bec ou pour la France<br><\/td><td><br>&#8211; de l&#8217;enseignement au niveau A0 et A1 (d\u00e9butants)<br><br>&#8211; des cours en grand groupe (plus de 8 personnes)<br><br>&#8211; des cours pour les enfants en-dessous de 12 ans<br><br>&#8211; du soutien scolaire pour \u00e9l\u00e8ves de primaire<br><br><br><\/td><\/tr><\/tbody><\/table><\/figure>\n\n\n\n<p><\/p>\n\n\n\n<p class=\"has-text-align-center\"><a href=\"https:\/\/apprendre.tv5monde.com\/fr\/apprendre-francais\/tester-son-niveau\" data-type=\"URL\" data-id=\"https:\/\/apprendre.tv5monde.com\/fr\/apprendre-francais\/tester-son-niveau\" target=\"_blank\" rel=\"noreferrer noopener\">Comment conna\u00eetre son niveau de fran\u00e7ais? Faites le test!<\/a><\/p>\n\n\n\n<p><\/p>\n\n\n\n<p><\/p>\n\n\n\n<p><\/p>\n\n\n\n<p><strong>TARIFS <\/strong><\/p>\n\n\n\n<p>Mes apprenants vivent g\u00e9n\u00e9ralement au Canada ou en Europe ; je propose donc ici un tarif en dollars canadiens et un tarif en euros. <\/p>\n\n\n\n<p>Les cours que je donne s&#8217;adaptent \u00e0 vos horaires, mais <strong>je conseille de faire des sessions de 1 h 30 ou 45 minutes<\/strong>  &#8212; dur\u00e9e moyenne pour que votre attention soit toujours au top de sa forme!<\/p>\n\n\n\n<p><\/p>\n\n\n\n<figure class=\"wp-block-table\"><table><tbody><tr><td><\/td><td>Canada (par heure)<\/td><td>Europe (par heure)<\/td><\/tr><tr><td>Cours standard (am\u00e9lioration du fran\u00e7ais)<\/td><td>35 CAD<\/td><td>32 euros<\/td><\/tr><tr><td>Cours sur objectif sp\u00e9cifique (examen, fran\u00e7ais des affaires, etc.)<\/td><td>50 CAD<\/td><td>46 euros<\/td><\/tr><tr><td>Tarif \u00e9tudiant\/ de groupe\/d\u00e9gressif (forfaits de 10 \u00e0 50 h)<\/td><td>sur demande<\/td><td>sur demande<\/td><\/tr><\/tbody><\/table><\/figure>\n\n\n\n<p><\/p>\n\n\n\n<p><\/p>\n\n\n\n<p><\/p>\n\n\n\n<p><\/p>\n\n\n\n<p>Ces tarifs comprennent <strong>l&#8217;heure de cours<\/strong> en elle-m\u00eame, mais aussi <strong>la pr\u00e9paration<\/strong> et<strong> le suivi p\u00e9dagogique <\/strong>(gestion de la plateforme de cours, de la planification des cr\u00e9neaux horaire, envoi des documents n\u00e9cessaires par courriel et rappel du cours si besoin). <\/p>\n\n\n\n<p><\/p>\n\n\n\n<p><\/p>\n\n\n\n<p><\/p>\n\n\n\n<p><\/p>\n\n\n\n<p class=\"has-text-align-center\"><a href=\"http:\/\/agnesa.org\/index.php\/fr\/me-contacter-2\/\" data-type=\"URL\" data-id=\"http:\/\/agnesa.org\/index.php\/fr\/me-contacter-2\/\"><strong>Faire une rencontre gratuite de 30 mn<\/strong> <\/a><strong><a href=\"http:\/\/agnesa.org\/index.php\/fr\/me-contacter-2\/\" data-type=\"URL\" data-id=\"http:\/\/agnesa.org\/index.php\/fr\/me-contacter-2\/\" target=\"_blank\" rel=\"noreferrer noopener\">: c&#8217;est par ici!<\/a><\/strong><\/p>\n","protected":false},"excerpt":{"rendered":"<p>Enseignante en fran\u00e7ais langue seconde depuis 2013, j&#8217;ai un peu touch\u00e9 \u00e0 tout : enseignement dans le public au niveau primaire, secondaire et universitaire, et en \u00e9cole priv\u00e9e; de grands d\u00e9butants \u00e0 des apprenants presque bilingues; de cours de fran\u00e7ais sur objectif sp\u00e9cifique (emploi, examen) \u00e0 des ateliers de conversation ou d&#8217;\u00e9criture. Aujourd&#8217;hui, je sais&hellip; <a class=\"more-link\" href=\"http:\/\/agnesa.org\/index.php\/formation-fls-fle\/\">Continue reading <span class=\"screen-reader-text\">FORMATION<\/span><\/a><\/p>\n","protected":false},"author":1,"featured_media":14,"parent":0,"menu_order":0,"comment_status":"closed","ping_status":"closed","template":"","meta":{"footnotes":""},"_links":{"self":[{"href":"http:\/\/agnesa.org\/index.php\/wp-json\/wp\/v2\/pages\/144"}],"collection":[{"href":"http:\/\/agnesa.org\/index.php\/wp-json\/wp\/v2\/pages"}],"about":[{"href":"http:\/\/agnesa.org\/index.php\/wp-json\/wp\/v2\/types\/page"}],"author":[{"embeddable":true,"href":"http:\/\/agnesa.org\/index.php\/wp-json\/wp\/v2\/users\/1"}],"replies":[{"embeddable":true,"href":"http:\/\/agnesa.org\/index.php\/wp-json\/wp\/v2\/comments?post=144"}],"version-history":[{"count":12,"href":"http:\/\/agnesa.org\/index.php\/wp-json\/wp\/v2\/pages\/144\/revisions"}],"predecessor-version":[{"id":445,"href":"http:\/\/agnesa.org\/index.php\/wp-json\/wp\/v2\/pages\/144\/revisions\/445"}],"wp:featuredmedia":[{"embeddable":true,"href":"http:\/\/agnesa.org\/index.php\/wp-json\/wp\/v2\/media\/14"}],"wp:attachment":[{"href":"http:\/\/agnesa.org\/index.php\/wp-json\/wp\/v2\/media?parent=144"}],"curies":[{"name":"wp","href":"https:\/\/api.w.org\/{rel}","templated":true}]}}