{"id":142,"date":"2021-02-01T12:41:42","date_gmt":"2021-02-01T12:41:42","guid":{"rendered":"http:\/\/agnesa.org\/?page_id=142"},"modified":"2021-10-28T12:30:07","modified_gmt":"2021-10-28T12:30:07","slug":"politique-de-confidentialite-des-donnees","status":"publish","type":"page","link":"http:\/\/agnesa.org\/index.php\/politique-de-confidentialite-des-donnees\/","title":{"rendered":"Politique de confidentialit\u00e9 des donn\u00e9es"},"content":{"rendered":"\n<p>Tous vos renseignements priv\u00e9s restent entre vous et moi et ne sont utilis\u00e9s qu&#8217;\u00e0 des fins de facturation, ou pour mener \u00e0 bien mon travail. <\/p>\n\n\n\n<p>L&#8217;article 13 du <a href=\"http:\/\/legisquebec.gouv.qc.ca\/fr\/ShowDoc\/cr\/C-26%2C%20r.%20270\/#se:13\" data-type=\"URL\" data-id=\"http:\/\/legisquebec.gouv.qc.ca\/fr\/ShowDoc\/cr\/C-26%2C%20r.%20270\/#se:13\">Code de d\u00e9ontologie<\/a> de l&#8217;OTTIAQ dont je suis membre \u00e9nonce bien cet aspect : &#8220;Le membre doit apporter un soin raisonnable aux biens confi\u00e9s \u00e0 sa garde par un client et il ne peut ni les pr\u00eater ni les utiliser \u00e0 des fins autres que celles pour lesquelles ils lui ont \u00e9t\u00e9 confi\u00e9s.&#8221;  Il en va de m\u00eame pour la r\u00e9vision ou l&#8217;enseignement.<\/p>\n\n\n\n<p><\/p>\n","protected":false},"excerpt":{"rendered":"<p>Tous vos renseignements priv\u00e9s restent entre vous et moi et ne sont utilis\u00e9s qu&#8217;\u00e0 des fins de facturation, ou pour mener \u00e0 bien mon travail. L&#8217;article 13 du Code de d\u00e9ontologie de l&#8217;OTTIAQ dont je suis membre \u00e9nonce bien cet aspect : &#8220;Le membre doit apporter un soin raisonnable aux biens confi\u00e9s \u00e0 sa garde&hellip; <a class=\"more-link\" href=\"http:\/\/agnesa.org\/index.php\/politique-de-confidentialite-des-donnees\/\">Continue reading <span class=\"screen-reader-text\">Politique de confidentialit\u00e9 des donn\u00e9es<\/span><\/a><\/p>\n","protected":false},"author":1,"featured_media":325,"parent":0,"menu_order":0,"comment_status":"closed","ping_status":"closed","template":"","meta":{"footnotes":""},"_links":{"self":[{"href":"http:\/\/agnesa.org\/index.php\/wp-json\/wp\/v2\/pages\/142"}],"collection":[{"href":"http:\/\/agnesa.org\/index.php\/wp-json\/wp\/v2\/pages"}],"about":[{"href":"http:\/\/agnesa.org\/index.php\/wp-json\/wp\/v2\/types\/page"}],"author":[{"embeddable":true,"href":"http:\/\/agnesa.org\/index.php\/wp-json\/wp\/v2\/users\/1"}],"replies":[{"embeddable":true,"href":"http:\/\/agnesa.org\/index.php\/wp-json\/wp\/v2\/comments?post=142"}],"version-history":[{"count":6,"href":"http:\/\/agnesa.org\/index.php\/wp-json\/wp\/v2\/pages\/142\/revisions"}],"predecessor-version":[{"id":374,"href":"http:\/\/agnesa.org\/index.php\/wp-json\/wp\/v2\/pages\/142\/revisions\/374"}],"wp:featuredmedia":[{"embeddable":true,"href":"http:\/\/agnesa.org\/index.php\/wp-json\/wp\/v2\/media\/325"}],"wp:attachment":[{"href":"http:\/\/agnesa.org\/index.php\/wp-json\/wp\/v2\/media?parent=142"}],"curies":[{"name":"wp","href":"https:\/\/api.w.org\/{rel}","templated":true}]}}